{"id":5608,"date":"2021-03-04T10:57:50","date_gmt":"2021-03-04T10:57:50","guid":{"rendered":"https:\/\/hormibal.cl\/sitio\/?post_type=product&#038;p=5608"},"modified":"2021-07-27T19:23:49","modified_gmt":"2021-07-27T19:23:49","slug":"camara-de-inspeccion-publica-tipo-a","status":"publish","type":"product","link":"https:\/\/hormibal.cl\/sitio\/product\/camara-de-inspeccion-publica-tipo-a\/","title":{"rendered":"C\u00e1mara de Inspecci\u00f3n P\u00fablica tipo A"},"content":{"rendered":"<figure class=\"wp-block-table is-style-stripes\">\n<table>\n<thead>\n<tr>\n<th>DESCRIPCI\u00d3N (MM)<\/th>\n<th>GRADO RESISTENCIA HORMIGON<\/th>\n<th>DI\u00c1METRO<\/th>\n<th>LONGITUD<\/th>\n<th>ESPESOR<\/th>\n<th>PESO (KG)<\/th>\n<\/tr>\n<\/thead>\n<tbody>\n<tr>\n<td>CHIMENEA 600&#215;300<\/td>\n<td>G-25<\/td>\n<td>600<\/td>\n<td>300<\/td>\n<td>90<\/td>\n<td>170<\/td>\n<\/tr>\n<tr>\n<td>CHIMENEA 600&#215;600<\/td>\n<td>G-25<\/td>\n<td>600<\/td>\n<td>600<\/td>\n<td>80<\/td>\n<td>340<\/td>\n<\/tr>\n<tr>\n<td>CONO 600x1200x600<\/td>\n<td>G-25<\/td>\n<td>600 a 1200<\/td>\n<td>600<\/td>\n<td>100<\/td>\n<td>614<\/td>\n<\/tr>\n<tr>\n<td>CUERPO BASE 1200&#215;600<\/td>\n<td>G-25<\/td>\n<td>1200<\/td>\n<td>600<\/td>\n<td>100<\/td>\n<td>598<\/td>\n<\/tr>\n<tr>\n<td>CUERPO BASE 1200&#215;1000<\/td>\n<td>G-25<\/td>\n<td>1200<\/td>\n<td>1000<\/td>\n<td>100<\/td>\n<td>1047<\/td>\n<\/tr>\n<\/tbody>\n<\/table>\n<\/figure>\n","protected":false},"excerpt":{"rendered":"<p>NORMATIVA: NCH<br \/>\nESTE PRODUCTO TIENE CERTIFICACI\u00d3N DE CALIDAD, OTORGADO POR CESMEC BAJO SU MODELO ISO\/CASCO 5, DENOMINADO ENSAYO TIPO<\/p>\n","protected":false},"featured_media":5609,"comment_status":"open","ping_status":"closed","template":"","meta":{"nf_dc_page":""},"product_brand":[],"product_cat":[193,191],"product_tag":[192],"class_list":{"0":"post-5608","1":"product","2":"type-product","3":"status-publish","4":"has-post-thumbnail","6":"product_cat-estandar-urbanizacion","7":"product_cat-urbanizacion","8":"product_tag-urbanizacion","11":"instock","12":"shipping-taxable","13":"product-type-simple"},"_links":{"self":[{"href":"https:\/\/hormibal.cl\/sitio\/wp-json\/wp\/v2\/product\/5608","targetHints":{"allow":["GET"]}}],"collection":[{"href":"https:\/\/hormibal.cl\/sitio\/wp-json\/wp\/v2\/product"}],"about":[{"href":"https:\/\/hormibal.cl\/sitio\/wp-json\/wp\/v2\/types\/product"}],"replies":[{"embeddable":true,"href":"https:\/\/hormibal.cl\/sitio\/wp-json\/wp\/v2\/comments?post=5608"}],"wp:featuredmedia":[{"embeddable":true,"href":"https:\/\/hormibal.cl\/sitio\/wp-json\/wp\/v2\/media\/5609"}],"wp:attachment":[{"href":"https:\/\/hormibal.cl\/sitio\/wp-json\/wp\/v2\/media?parent=5608"}],"wp:term":[{"taxonomy":"product_brand","embeddable":true,"href":"https:\/\/hormibal.cl\/sitio\/wp-json\/wp\/v2\/product_brand?post=5608"},{"taxonomy":"product_cat","embeddable":true,"href":"https:\/\/hormibal.cl\/sitio\/wp-json\/wp\/v2\/product_cat?post=5608"},{"taxonomy":"product_tag","embeddable":true,"href":"https:\/\/hormibal.cl\/sitio\/wp-json\/wp\/v2\/product_tag?post=5608"}],"curies":[{"name":"wp","href":"https:\/\/api.w.org\/{rel}","templated":true}]}}