{"id":570,"date":"2019-10-09T07:13:49","date_gmt":"2019-10-09T07:13:49","guid":{"rendered":"https:\/\/elementor.thembay.com\/besa\/?page_id=570"},"modified":"2021-08-17T16:39:27","modified_gmt":"2021-08-17T16:39:27","slug":"empresa","status":"publish","type":"page","link":"https:\/\/hormibal.cl\/sitio\/empresa\/","title":{"rendered":"Empresa"},"content":{"rendered":"\t\t<div data-elementor-type=\"wp-page\" data-elementor-id=\"570\" class=\"elementor elementor-570\">\n\t\t\t\t\t\t<section class=\"elementor-section elementor-top-section elementor-element elementor-element-882396f elementor-section-stretched elementor-section-full_width elementor-section-height-default elementor-section-height-default\" data-id=\"882396f\" data-element_type=\"section\" data-e-type=\"section\" data-settings=\"{&quot;stretch_section&quot;:&quot;section-stretched&quot;}\">\n\t\t\t\t\t\t<div class=\"elementor-container elementor-column-gap-no\">\n\t\t\t\t\t<div class=\"elementor-column elementor-col-100 elementor-top-column elementor-element elementor-element-baf8899\" data-id=\"baf8899\" data-element_type=\"column\" data-e-type=\"column\">\n\t\t\t<div class=\"elementor-widget-wrap elementor-element-populated\">\n\t\t\t\t\t\t<div class=\"elementor-element elementor-element-52d510c elementor-widget elementor-widget-shortcode\" data-id=\"52d510c\" data-element_type=\"widget\" data-e-type=\"widget\" data-widget_type=\"shortcode.default\">\n\t\t\t\t<div class=\"elementor-widget-container\">\n\t\t\t\t\t\t\t<div class=\"elementor-shortcode\">\n\t\t\t<!-- START Slider 1 REVOLUTION SLIDER 6.2.22 --><p class=\"rs-p-wp-fix\"><\/p>\n\t\t\t<rs-module-wrap id=\"rev_slider_4_1_wrapper\" data-source=\"gallery\" style=\"background:transparent;padding:0;margin:0px auto;margin-top:0;margin-bottom:0;\">\n\t\t\t\t<rs-module id=\"rev_slider_4_1\" style=\"\" data-version=\"6.2.22\">\n\t\t\t\t\t<rs-slides>\n\t\t\t\t\t\t<rs-slide data-key=\"rs-10\" data-title=\"Slide\" data-anim=\"ei:d;eo:d;s:1000;r:0;t:fade;sl:0;\">\n\t\t\t\t\t\t\t<img fetchpriority=\"high\" decoding=\"async\" src=\"\/\/hormibal.cl\/sitio\/wp-content\/uploads\/2021\/07\/hormibal_landingpage_2.jpg\" title=\"hormibal_landingpage_2\" width=\"1920\" height=\"530\" class=\"rev-slidebg\" data-no-retina>\n<!--\n\t\t\t\t\t\t\t--><rs-layer\n\t\t\t\t\t\t\t\tid=\"slider-4-slide-10-layer-0\" \n\t\t\t\t\t\t\t\tdata-type=\"text\"\n\t\t\t\t\t\t\t\tdata-rsp_ch=\"on\"\n\t\t\t\t\t\t\t\tdata-xy=\"x:c;yo:142px,150px,113px,130px;\"\n\t\t\t\t\t\t\t\tdata-text=\"w:normal;s:42,34,30,25;l:50,41,31,32;fw:700;a:center;\"\n\t\t\t\t\t\t\t\tdata-dim=\"w:812px,670px,509px,420px;\"\n\t\t\t\t\t\t\t\tdata-frame_999=\"o:0;st:w;\"\n\t\t\t\t\t\t\t\tstyle=\"z-index:5;font-family:Open Sans;\"\n\t\t\t\t\t\t\t>Desde 1994 Creciendo junto a ti \n\t\t\t\t\t\t\t<\/rs-layer><!--\n\n\t\t\t\t\t\t\t--><rs-layer\n\t\t\t\t\t\t\t\tid=\"slider-4-slide-10-layer-1\" \n\t\t\t\t\t\t\t\tdata-type=\"text\"\n\t\t\t\t\t\t\t\tdata-xy=\"x:c;yo:257px,280px,212px,220px;\"\n\t\t\t\t\t\t\t\tdata-text=\"w:normal;s:14,15,15,16;l:24,19,20,24;a:center;\"\n\t\t\t\t\t\t\t\tdata-dim=\"w:449px,497px,485px,299px;\"\n\t\t\t\t\t\t\t\tdata-rsp_bd=\"off\"\n\t\t\t\t\t\t\t\tdata-frame_999=\"o:0;st:w;\"\n\t\t\t\t\t\t\t\tstyle=\"z-index:6;font-family:Open Sans;\"\n\t\t\t\t\t\t\t>Nuestra historia es la de una familia que se atrevi\u00f3 a emprender, equivocarse, corregir y crecer. \n\t\t\t\t\t\t\t<\/rs-layer><!--\n-->\t\t\t\t\t\t<\/rs-slide>\n\t\t\t\t\t<\/rs-slides>\n\t\t\t\t<\/rs-module>\n\t\t\t\t<script type=\"text\/javascript\">\n\t\t\t\t\tsetREVStartSize({c: 'rev_slider_4_1',rl:[1240,1024,778,480],el:[530,530,530,530],gw:[1240,1024,778,480],gh:[530,530,530,530],type:'standard',justify:'',layout:'fullwidth',mh:\"0\"});\n\t\t\t\t\tvar\trevapi4,\n\t\t\t\t\t\ttpj;\n\t\t\t\t\tfunction revinit_revslider41() {\n\t\t\t\t\tjQuery(function() {\n\t\t\t\t\t\ttpj = jQuery;\n\t\t\t\t\t\trevapi4 = tpj(\"#rev_slider_4_1\");\n\t\t\t\t\t\tif(revapi4==undefined || revapi4.revolution == undefined){\n\t\t\t\t\t\t\trevslider_showDoubleJqueryError(\"rev_slider_4_1\");\n\t\t\t\t\t\t}else{\n\t\t\t\t\t\t\trevapi4.revolution({\n\t\t\t\t\t\t\t\tsliderLayout:\"fullwidth\",\n\t\t\t\t\t\t\t\tvisibilityLevels:\"1240,1024,778,480\",\n\t\t\t\t\t\t\t\tgridwidth:\"1240,1024,778,480\",\n\t\t\t\t\t\t\t\tgridheight:\"530,530,530,530\",\n\t\t\t\t\t\t\t\tspinner:\"spinner0\",\n\t\t\t\t\t\t\t\tperspective:600,\n\t\t\t\t\t\t\t\tperspectiveType:\"local\",\n\t\t\t\t\t\t\t\teditorheight:\"530,530,530,530\",\n\t\t\t\t\t\t\t\tresponsiveLevels:\"1240,1024,778,480\",\n\t\t\t\t\t\t\t\tprogressBar:{disableProgressBar:true},\n\t\t\t\t\t\t\t\tnavigation: {\n\t\t\t\t\t\t\t\t\tonHoverStop:false\n\t\t\t\t\t\t\t\t},\n\t\t\t\t\t\t\t\tfallbacks: {\n\t\t\t\t\t\t\t\t\tallowHTML5AutoPlayOnAndroid:true\n\t\t\t\t\t\t\t\t},\n\t\t\t\t\t\t\t});\n\t\t\t\t\t\t}\n\t\t\t\t\t\t\n\t\t\t\t\t});\n\t\t\t\t\t} \/\/ End of RevInitScript\n\t\t\t\tvar once_revslider41 = false;\n\t\t\t\tif (document.readyState === \"loading\") {document.addEventListener('readystatechange',function() { if((document.readyState === \"interactive\" || document.readyState === \"complete\") && !once_revslider41 ) { once_revslider41 = true; revinit_revslider41();}});} else {once_revslider41 = true; revinit_revslider41();}\n\t\t\t\t<\/script>\n\t\t\t<\/rs-module-wrap>\n\t\t\t<!-- END REVOLUTION SLIDER -->\n<\/div>\n\t\t\t\t\t\t<\/div>\n\t\t\t\t<\/div>\n\t\t\t\t\t<\/div>\n\t\t<\/div>\n\t\t\t\t\t<\/div>\n\t\t<\/section>\n\t\t\t\t<section class=\"elementor-section elementor-top-section elementor-element elementor-element-3d571d6 elementor-section-stretched elementor-section-boxed elementor-section-height-default elementor-section-height-default\" data-id=\"3d571d6\" data-element_type=\"section\" data-e-type=\"section\" data-settings=\"{&quot;stretch_section&quot;:&quot;section-stretched&quot;,&quot;background_background&quot;:&quot;classic&quot;}\">\n\t\t\t\t\t\t<div class=\"elementor-container elementor-column-gap-default\">\n\t\t\t\t\t<div class=\"elementor-column elementor-col-33 elementor-top-column elementor-element elementor-element-7585912\" data-id=\"7585912\" data-element_type=\"column\" data-e-type=\"column\">\n\t\t\t<div class=\"elementor-widget-wrap\">\n\t\t\t\t\t\t\t<\/div>\n\t\t<\/div>\n\t\t\t\t<div class=\"elementor-column elementor-col-33 elementor-top-column elementor-element elementor-element-18eba2a\" data-id=\"18eba2a\" data-element_type=\"column\" data-e-type=\"column\">\n\t\t\t<div class=\"elementor-widget-wrap elementor-element-populated\">\n\t\t\t\t\t\t<div class=\"elementor-element elementor-element-ca92b94 elementor-widget elementor-widget-heading\" data-id=\"ca92b94\" data-element_type=\"widget\" data-e-type=\"widget\" data-widget_type=\"heading.default\">\n\t\t\t\t<div class=\"elementor-widget-container\">\n\t\t\t\t\t<h2 class=\"elementor-heading-title elementor-size-default\">Hormibal<\/h2>\t\t\t\t<\/div>\n\t\t\t\t<\/div>\n\t\t\t\t<div class=\"elementor-element elementor-element-7770eb4 elementor-widget elementor-widget-text-editor\" data-id=\"7770eb4\" data-element_type=\"widget\" data-e-type=\"widget\" data-widget_type=\"text-editor.default\">\n\t\t\t\t<div class=\"elementor-widget-container\">\n\t\t\t\t\t\t\t\t\t<p>El 13 de septiembre de 1994 nace formalmente la Sociedad de Hormigones y Baldosas Ltda., \u00abHORMIBAL\u00bb, la que comenz\u00f3 en forma un tanto artesanal a producir postes de hormig\u00f3n armado, para satisfacer las necesidades de su empresa madre \u00abConstrucciones El\u00e9ctricas Volta Ltda.\u00bb, pero luego al ir logrando un mayor nivel de producci\u00f3n se orient\u00f3 hacia la demanda externa y a partir de 1995 amplio su producci\u00f3n incorporando otros tipos de productos en hormig\u00f3n vibrado.<\/p>\t\t\t\t\t\t\t\t<\/div>\n\t\t\t\t<\/div>\n\t\t\t\t<div class=\"elementor-element elementor-element-b0814e1 elementor-widget elementor-widget-text-editor\" data-id=\"b0814e1\" data-element_type=\"widget\" data-e-type=\"widget\" data-widget_type=\"text-editor.default\">\n\t\t\t\t<div class=\"elementor-widget-container\">\n\t\t\t\t\t\t\t\t\t<p>Desde su nacimiento a la fecha, la empresa ha mantenido un ritmo sostenido de crecimiento. Actualmente cuenta con tres plantas industriales, donde hoy en d\u00eda se elaboran mas de 190 productos diferentes y se procesan diariamente m\u00e1s de 160 m<sup>3<\/sup>\u00a0de hormig\u00f3n.<\/p><p>La primera de ellas y principal se encuentra ubicada en el sector Pata de Gallina, en la ciudad de Los \u00c1ngeles. La segunda de estas plantas, se ubica en la regi\u00f3n del Maule, en las cercan\u00edas de San Javier y la tercera se encuentra ubicada a pocos kil\u00f3metros de la ciudad de Frutillar.<\/p>\t\t\t\t\t\t\t\t<\/div>\n\t\t\t\t<\/div>\n\t\t\t\t\t<\/div>\n\t\t<\/div>\n\t\t\t\t<div class=\"elementor-column elementor-col-33 elementor-top-column elementor-element elementor-element-4abb951\" data-id=\"4abb951\" data-element_type=\"column\" data-e-type=\"column\">\n\t\t\t<div class=\"elementor-widget-wrap\">\n\t\t\t\t\t\t\t<\/div>\n\t\t<\/div>\n\t\t\t\t\t<\/div>\n\t\t<\/section>\n\t\t\t\t<section class=\"elementor-section elementor-top-section elementor-element elementor-element-90f0b43 elementor-section-stretched elementor-section-boxed elementor-section-height-default elementor-section-height-default\" data-id=\"90f0b43\" data-element_type=\"section\" data-e-type=\"section\" data-settings=\"{&quot;stretch_section&quot;:&quot;section-stretched&quot;,&quot;background_background&quot;:&quot;classic&quot;}\">\n\t\t\t\t\t\t<div class=\"elementor-container elementor-column-gap-default\">\n\t\t\t\t\t<div class=\"elementor-column elementor-col-100 elementor-top-column elementor-element elementor-element-5044a3a\" data-id=\"5044a3a\" data-element_type=\"column\" data-e-type=\"column\">\n\t\t\t<div class=\"elementor-widget-wrap elementor-element-populated\">\n\t\t\t\t\t\t<section class=\"elementor-section elementor-top-section elementor-element elementor-element-d36784b elementor-section-boxed elementor-section-height-default elementor-section-height-default\" data-id=\"d36784b\" data-element_type=\"section\" data-e-type=\"section\">\n\t\t\t\t\t\t<div class=\"elementor-container elementor-column-gap-default\">\n\t\t\t\t\t<div class=\"elementor-column elementor-col-33 elementor-top-column elementor-element elementor-element-3b774d0\" data-id=\"3b774d0\" data-element_type=\"column\" data-e-type=\"column\">\n\t\t\t<div class=\"elementor-widget-wrap\">\n\t\t\t\t\t\t\t<\/div>\n\t\t<\/div>\n\t\t\t\t<div class=\"elementor-column elementor-col-33 elementor-top-column elementor-element elementor-element-b80c98a\" data-id=\"b80c98a\" data-element_type=\"column\" data-e-type=\"column\">\n\t\t\t<div class=\"elementor-widget-wrap elementor-element-populated\">\n\t\t\t\t\t\t<div class=\"elementor-element elementor-element-eeaab6d elementor-widget elementor-widget-heading\" data-id=\"eeaab6d\" data-element_type=\"widget\" data-e-type=\"widget\" data-widget_type=\"heading.default\">\n\t\t\t\t<div class=\"elementor-widget-container\">\n\t\t\t\t\t<h3 class=\"elementor-heading-title elementor-size-default\">Siempre mejorando<\/h3>\t\t\t\t<\/div>\n\t\t\t\t<\/div>\n\t\t\t\t<div class=\"elementor-element elementor-element-2a9dd0f elementor-widget elementor-widget-text-editor\" data-id=\"2a9dd0f\" data-element_type=\"widget\" data-e-type=\"widget\" data-widget_type=\"text-editor.default\">\n\t\t\t\t<div class=\"elementor-widget-container\">\n\t\t\t\t\t\t\t\t\t<p style=\"border: 0px none; margin-right: 0px; margin-bottom: 10px; margin-left: 0px; padding: 0px; color: #636363; line-height: 16px; font-family: 'Trebuchet MS', Helvetica, sans-serif; font-size: 12px; text-align: justify;\">A fin de poder satisfacer a sus clientes y ofrecer una mejor calidad en los productos elaborados las empresas se encuentran abocadas en una pol\u00edtica tendiente a lograr una mayor automatizaci\u00f3n de los procesos productivos para lo cual ha realizado una fuerte inversi\u00f3n en la adquisici\u00f3n de equipamiento y ampliaci\u00f3n de sus instalaciones f\u00edsicas.<\/p><p style=\"border: 0px none; margin-right: 0px; margin-bottom: 10px; margin-left: 0px; padding: 0px; color: #636363; line-height: 16px; font-family: 'Trebuchet MS', Helvetica, sans-serif; font-size: 12px; text-align: justify;\">Actualmente la empresa cuenta con Certificaci\u00f3n de Conformidad de sus Productos de acuerdo al Modelo ISO\/CASCO 5, a trav\u00e9s de CESMEC.<\/p>\t\t\t\t\t\t\t\t<\/div>\n\t\t\t\t<\/div>\n\t\t\t\t\t<\/div>\n\t\t<\/div>\n\t\t\t\t<div class=\"elementor-column elementor-col-33 elementor-top-column elementor-element elementor-element-0c41859\" data-id=\"0c41859\" data-element_type=\"column\" data-e-type=\"column\">\n\t\t\t<div class=\"elementor-widget-wrap\">\n\t\t\t\t\t\t\t<\/div>\n\t\t<\/div>\n\t\t\t\t\t<\/div>\n\t\t<\/section>\n\t\t\t\t\t<\/div>\n\t\t<\/div>\n\t\t\t\t\t<\/div>\n\t\t<\/section>\n\t\t\t\t<\/div>\n\t\t","protected":false},"excerpt":{"rendered":"<p>Hormibal El 13 de septiembre de 1994 nace formalmente la Sociedad de Hormigones y Baldosas Ltda., \u00abHORMIBAL\u00bb, la que comenz\u00f3 en forma un tanto artesanal a producir postes de hormig\u00f3n armado, para satisfacer las necesidades de su empresa madre \u00abConstrucciones El\u00e9ctricas Volta Ltda.\u00bb, pero luego al ir logrando un mayor nivel de producci\u00f3n se orient\u00f3 &hellip; <a href=\"https:\/\/hormibal.cl\/sitio\/empresa\/\" class=\"more-link\">Continue reading <span class=\"screen-reader-text\">Empresa<\/span><\/a><\/p>\n","protected":false},"author":1,"featured_media":0,"parent":0,"menu_order":0,"comment_status":"closed","ping_status":"closed","template":"","meta":{"nf_dc_page":"","footnotes":""},"class_list":["post-570","page","type-page","status-publish","hentry"],"_links":{"self":[{"href":"https:\/\/hormibal.cl\/sitio\/wp-json\/wp\/v2\/pages\/570","targetHints":{"allow":["GET"]}}],"collection":[{"href":"https:\/\/hormibal.cl\/sitio\/wp-json\/wp\/v2\/pages"}],"about":[{"href":"https:\/\/hormibal.cl\/sitio\/wp-json\/wp\/v2\/types\/page"}],"author":[{"embeddable":true,"href":"https:\/\/hormibal.cl\/sitio\/wp-json\/wp\/v2\/users\/1"}],"replies":[{"embeddable":true,"href":"https:\/\/hormibal.cl\/sitio\/wp-json\/wp\/v2\/comments?post=570"}],"version-history":[{"count":32,"href":"https:\/\/hormibal.cl\/sitio\/wp-json\/wp\/v2\/pages\/570\/revisions"}],"predecessor-version":[{"id":6316,"href":"https:\/\/hormibal.cl\/sitio\/wp-json\/wp\/v2\/pages\/570\/revisions\/6316"}],"wp:attachment":[{"href":"https:\/\/hormibal.cl\/sitio\/wp-json\/wp\/v2\/media?parent=570"}],"curies":[{"name":"wp","href":"https:\/\/api.w.org\/{rel}","templated":true}]}}