{"id":5644,"date":"2021-03-04T12:17:47","date_gmt":"2021-03-04T12:17:47","guid":{"rendered":"https:\/\/hormibal.cl\/sitio\/?page_id=5644"},"modified":"2021-03-14T20:47:16","modified_gmt":"2021-03-14T20:47:16","slug":"paisajismo","status":"publish","type":"page","link":"https:\/\/hormibal.cl\/sitio\/paisajismo\/","title":{"rendered":"Paisajismo"},"content":{"rendered":"\t\t<div data-elementor-type=\"wp-page\" data-elementor-id=\"5644\" class=\"elementor elementor-5644\">\n\t\t\t\t\t\t<section class=\"elementor-section elementor-top-section elementor-element elementor-element-cddf81e elementor-section-boxed elementor-section-height-default elementor-section-height-default\" data-id=\"cddf81e\" data-element_type=\"section\" data-e-type=\"section\">\n\t\t\t\t\t\t<div class=\"elementor-container elementor-column-gap-default\">\n\t\t\t\t\t<div class=\"elementor-column elementor-col-100 elementor-top-column elementor-element elementor-element-37778e9\" data-id=\"37778e9\" data-element_type=\"column\" data-e-type=\"column\">\n\t\t\t<div class=\"elementor-widget-wrap elementor-element-populated\">\n\t\t\t\t\t\t<section class=\"elementor-section elementor-inner-section elementor-element elementor-element-7852974 elementor-section-boxed elementor-section-height-default elementor-section-height-default\" data-id=\"7852974\" data-element_type=\"section\" data-e-type=\"section\">\n\t\t\t\t\t\t<div class=\"elementor-container elementor-column-gap-default\">\n\t\t\t\t\t<div class=\"elementor-column elementor-col-50 elementor-inner-column elementor-element elementor-element-9ab8a4c\" data-id=\"9ab8a4c\" data-element_type=\"column\" data-e-type=\"column\">\n\t\t\t<div class=\"elementor-widget-wrap elementor-element-populated\">\n\t\t\t\t\t\t<div class=\"elementor-element elementor-element-9d3f214 elementor-widget elementor-widget-heading\" data-id=\"9d3f214\" data-element_type=\"widget\" data-e-type=\"widget\" data-widget_type=\"heading.default\">\n\t\t\t\t<div class=\"elementor-widget-container\">\n\t\t\t\t\t<h1 class=\"elementor-heading-title elementor-size-default\">Paisajismo<\/h1>\t\t\t\t<\/div>\n\t\t\t\t<\/div>\n\t\t\t\t\t<\/div>\n\t\t<\/div>\n\t\t\t\t<div class=\"elementor-column elementor-col-50 elementor-inner-column elementor-element elementor-element-80fb888\" data-id=\"80fb888\" data-element_type=\"column\" data-e-type=\"column\">\n\t\t\t<div class=\"elementor-widget-wrap elementor-element-populated\">\n\t\t\t\t\t\t<div class=\"elementor-element elementor-element-a0c2bd7 elementor-widget elementor-widget-text-editor\" data-id=\"a0c2bd7\" data-element_type=\"widget\" data-e-type=\"widget\" data-widget_type=\"text-editor.default\">\n\t\t\t\t<div class=\"elementor-widget-container\">\n\t\t\t\t\t\t\t\t\t<p>El\u00a0paisajismo es la actividad destinada a modificar las caracter\u00edsticas visibles, f\u00edsicas y an\u00edmicas de un espacio, tanto\u00a0rural\u00a0como\u00a0urbano, entre las que se incluyen: los elementos vivos, tales como\u00a0flora\u00a0y\u00a0fauna, los elementos naturales como las formas del terreno, las elevaciones o los cauces de agua y los elementos humanos, como estructuras, edificios u otros objetos materiales creados por el hombre. Para ello, <strong>HORMIBAL<\/strong>, pensando en la modernidad y funcionalidad de los prefabricados ha desarrollado un mix de productos de l\u00edneas est\u00e1ndar para formar parte de los distintos proyectos de paisajismo, como por ejemplo, adoquines y adoc\u00e9sped fabricados de manera especial para cada proyecto y otra l\u00ednea especial como jardineras y banquetas que interact\u00faan con el entorno y se adecuan a las necesidades de cada proyecto<\/p>\t\t\t\t\t\t\t\t<\/div>\n\t\t\t\t<\/div>\n\t\t\t\t\t<\/div>\n\t\t<\/div>\n\t\t\t\t\t<\/div>\n\t\t<\/section>\n\t\t\t\t\t<\/div>\n\t\t<\/div>\n\t\t\t\t\t<\/div>\n\t\t<\/section>\n\t\t\t\t<section class=\"elementor-section elementor-top-section elementor-element elementor-element-02e1726 elementor-section-boxed elementor-section-height-default elementor-section-height-default\" data-id=\"02e1726\" data-element_type=\"section\" data-e-type=\"section\">\n\t\t\t\t\t\t<div class=\"elementor-container elementor-column-gap-default\">\n\t\t\t\t\t<div class=\"elementor-column elementor-col-100 elementor-top-column elementor-element elementor-element-5bcbcb3\" data-id=\"5bcbcb3\" data-element_type=\"column\" data-e-type=\"column\">\n\t\t\t<div class=\"elementor-widget-wrap elementor-element-populated\">\n\t\t\t\t\t\t<div class=\"elementor-element elementor-element-2ab4502 elementor-product-v1 elementor-widget elementor-widget-besa-products\" data-id=\"2ab4502\" data-element_type=\"widget\" data-e-type=\"widget\" data-widget_type=\"besa-products.default\">\n\t\t\t\t<div class=\"elementor-widget-container\">\n\t\t\t\t\t\r\n<div class=\"tbay-element tbay-element-products products\">\r\n\r\n    \t\t\t<h3 class=\"heading-tbay-title\">\r\n\t\t\t\t\t\t\t\t\t<span class=\"title\">Productos > Paisajismo<\/span>\r\n\t\t\t\t\t    \t\r\n\t\t\t\t\t\t\t<\/h3>\r\n\t\t\r\n     \r\n<div class=\"products row grid\" data-xlgdesktop=\"4\" data-desktop=\"4\" data-desktopsmall=\"3\" data-tablet=\"3\" data-landscape=\"2\" data-mobile=\"2\">\r\n\r\n    \r\n        <div class=\"item\">\r\n\t\t\t \r\n            <div class=\"products-grid product type-product post-5602 status-publish first instock product_cat-estandar-paisajismo product_cat-paisajismo product_cat-paisajismo-hormibal product_tag-adocreto-adoquin product_tag-paisajismo has-post-thumbnail shipping-taxable product-type-simple\">\r\n\t\t\t\t<div class=\"product-block grid product v1\" data-product-id=\"5602\">\r\n\t\t\r\n\t\t\t\t\t<div class=\"product-top\">\r\n\t\t\t\t\t\t\t\t\t<\/div>\r\n\t\t\t\t\r\n\t<div class=\"product-content\">\r\n\t\t\t\t<div class=\"block-inner\">\r\n\t\t\t<figure class=\"image has-slider-gallery\">\r\n\t\t\t\t<a title=\"Adocreto (adoquin)\" href=\"https:\/\/hormibal.cl\/sitio\/product\/adocreto-adoquin\/\" class=\"product-image\">\r\n\t\t\t\t\t\t\t\t\t<\/a>\r\n\r\n\t\t\t\t\r\n\t\t\t\t<div class=\"tbay-product-slider-gallery\"><div class=\"gallery_item first\"><img fetchpriority=\"high\" decoding=\"async\" width=\"280\" height=\"280\" src=\"https:\/\/hormibal.cl\/sitio\/wp-content\/uploads\/2021\/03\/hormibal_paisajismo_adocreto-280x280.jpg\" class=\"item-slider\" alt=\"\" \/><\/div><div class=\"gallery_item\"><img decoding=\"async\" width=\"280\" height=\"280\" src=\"https:\/\/hormibal.cl\/sitio\/wp-content\/uploads\/2021\/03\/hormibal_paisajismo_adocreto_001-280x280.jpg\" class=\"item-slider\" alt=\"\" \/><\/div><div class=\"gallery_item\"><img decoding=\"async\" width=\"280\" height=\"280\" src=\"https:\/\/hormibal.cl\/sitio\/wp-content\/uploads\/2021\/03\/hormibal_paisajismo_adocreto_002-280x280.jpg\" class=\"item-slider\" alt=\"\" \/><\/div><div class=\"gallery_item\"><img loading=\"lazy\" decoding=\"async\" width=\"280\" height=\"280\" src=\"https:\/\/hormibal.cl\/sitio\/wp-content\/uploads\/2021\/03\/hormibal_paisajismo_adocreto_003-280x280.jpg\" class=\"item-slider\" alt=\"\" \/><\/div><\/div>\t\t\t\t\t\t<\/figure>\r\n\t\t\t<div class=\"group-buttons\">\t\r\n\t\t\t\t<div class=\"add-cart\" title=\"Leer m\u00e1s\"><a href=\"https:\/\/hormibal.cl\/sitio\/product\/adocreto-adoquin\/\" aria-describedby=\"woocommerce_loop_add_to_cart_link_describedby_5602\" data-quantity=\"1\" class=\"button product_type_simple\" data-product_id=\"5602\" data-product_sku=\"\" aria-label=\"Lee m\u00e1s sobre &ldquo;Adocreto (adoquin)&rdquo;\" rel=\"nofollow\" data-success_message=\"\"><i class=\"tb-icon tb-icon-cart-plus\"><\/i><span class=\"title-cart\">Leer m\u00e1s<\/span><\/a>\t<span id=\"woocommerce_loop_add_to_cart_link_describedby_5602\" class=\"screen-reader-text\">\r\n\t\t\t<\/span>\r\n<\/div><div class=\"button-wishlist \" title=\"Wishlist\">\n<div\n\tclass=\"yith-wcwl-add-to-wishlist add-to-wishlist-5602 yith-wcwl-add-to-wishlist--link-style wishlist-fragment on-first-load\"\n\tdata-fragment-ref=\"5602\"\n\tdata-fragment-options=\"{&quot;base_url&quot;:&quot;&quot;,&quot;product_id&quot;:5602,&quot;parent_product_id&quot;:0,&quot;product_type&quot;:&quot;simple&quot;,&quot;is_single&quot;:false,&quot;in_default_wishlist&quot;:false,&quot;show_view&quot;:false,&quot;browse_wishlist_text&quot;:&quot;Echar un vistazo a la lista de deseos&quot;,&quot;already_in_wishslist_text&quot;:&quot;\\u00a1El producto ya est\\u00e1 en tu lista de deseos!&quot;,&quot;product_added_text&quot;:&quot;\\u00a1Producto a\\u00f1adido!&quot;,&quot;available_multi_wishlist&quot;:false,&quot;disable_wishlist&quot;:false,&quot;show_count&quot;:false,&quot;ajax_loading&quot;:false,&quot;loop_position&quot;:&quot;after_add_to_cart&quot;,&quot;item&quot;:&quot;add_to_wishlist&quot;}\"\n>\n\t\t\t\n\t\t\t<!-- ADD TO WISHLIST -->\n\t\t\t\n<div class=\"yith-wcwl-add-button\">\n\t\t<a\n\t\thref=\"?add_to_wishlist=5602&#038;_wpnonce=7c28b7f8da\"\n\t\tclass=\"add_to_wishlist single_add_to_wishlist\"\n\t\tdata-product-id=\"5602\"\n\t\tdata-product-type=\"simple\"\n\t\tdata-original-product-id=\"0\"\n\t\tdata-title=\"A\u00f1adir a la lista de deseos\"\n\t\trel=\"nofollow\"\n\t>\n\t\t<svg id=\"yith-wcwl-icon-heart-outline\" class=\"yith-wcwl-icon-svg\" fill=\"none\" stroke-width=\"1.5\" stroke=\"currentColor\" viewBox=\"0 0 24 24\" xmlns=\"http:\/\/www.w3.org\/2000\/svg\">\n  <path stroke-linecap=\"round\" stroke-linejoin=\"round\" d=\"M21 8.25c0-2.485-2.099-4.5-4.688-4.5-1.935 0-3.597 1.126-4.312 2.733-.715-1.607-2.377-2.733-4.313-2.733C5.1 3.75 3 5.765 3 8.25c0 7.22 9 12 9 12s9-4.78 9-12Z\"><\/path>\n<\/svg>\t\t<span>A\u00f1adir a la lista de deseos<\/span>\n\t<\/a>\n<\/div>\n\n\t\t\t<!-- COUNT TEXT -->\n\t\t\t\n\t\t\t<\/div>\n<\/div>            <div class=\"tbay-quick-view\">\r\n                <a href=\"#\" class=\"qview-button\" title =\"Quick View\" data-effect=\"mfp-move-from-top\" data-product_id=\"5602\" data-toggle=\"modal\" data-target=\"#tbay-quickview-modal\">\r\n                    <i class=\"tb-icon tb-icon-eye\"><\/i>\r\n                    <span>Quick View<\/span>\r\n                <\/a>\r\n            <\/div>\r\n            \t\t    <\/div>\r\n\t\t<\/div>\r\n\t\t\t\t\r\n\t\t\t\t\t\r\n\t\t<div class=\"caption\">\r\n\t\t\t\t\t\t\t\t\t\r\n\t\t\t        \r\n        <h3 class=\"name \"><a href=\"https:\/\/hormibal.cl\/sitio\/product\/adocreto-adoquin\/\">Adocreto (adoquin)<\/a><\/h3>\r\n        \t\t\t\r\n<div class=\"rating no-rate\">\r\n\t\t<div class=\"star-rating\">\r\n\t<\/div>\r\n\t<div class=\"count\">0<\/div>\r\n\t<\/div>\t\t\t\r\n\t\t\t \r\n\t\t\t\t\t<\/div>\r\n\t\t\t\t\t\t    <\/div>\r\n    \r\n\t\r\n\t \r\n<\/div>\r\n\t\t\t<\/div>\r\n        <\/div>\r\n\r\n    \r\n        <div class=\"item\">\r\n\t\t\t \r\n            <div class=\"products-grid product type-product post-5598 status-publish instock product_cat-estandar-paisajismo product_cat-paisajismo product_cat-paisajismo-hormibal product_tag-adocesped product_tag-paisajismo has-post-thumbnail shipping-taxable product-type-simple\">\r\n\t\t\t\t<div class=\"product-block grid product v1\" data-product-id=\"5598\">\r\n\t\t\r\n\t\t\t\t\t<div class=\"product-top\">\r\n\t\t\t\t\t\t\t\t\t<\/div>\r\n\t\t\t\t\r\n\t<div class=\"product-content\">\r\n\t\t\t\t<div class=\"block-inner\">\r\n\t\t\t<figure class=\"image has-slider-gallery\">\r\n\t\t\t\t<a title=\"Adocesped\" href=\"https:\/\/hormibal.cl\/sitio\/product\/adocesped\/\" class=\"product-image\">\r\n\t\t\t\t\t\t\t\t\t<\/a>\r\n\r\n\t\t\t\t\r\n\t\t\t\t<div class=\"tbay-product-slider-gallery\"><div class=\"gallery_item first\"><img loading=\"lazy\" decoding=\"async\" width=\"280\" height=\"280\" src=\"https:\/\/hormibal.cl\/sitio\/wp-content\/uploads\/2021\/03\/hormibal_paisajismo_adocesped-280x280.jpg\" class=\"item-slider\" alt=\"\" \/><\/div><div class=\"gallery_item\"><img loading=\"lazy\" decoding=\"async\" width=\"280\" height=\"280\" src=\"https:\/\/hormibal.cl\/sitio\/wp-content\/uploads\/2021\/03\/hormibal_paisajismo_adocesped_001-280x280.jpg\" class=\"item-slider\" alt=\"\" \/><\/div><\/div>\t\t\t\t\t\t<\/figure>\r\n\t\t\t<div class=\"group-buttons\">\t\r\n\t\t\t\t<div class=\"add-cart\" title=\"Leer m\u00e1s\"><a href=\"https:\/\/hormibal.cl\/sitio\/product\/adocesped\/\" aria-describedby=\"woocommerce_loop_add_to_cart_link_describedby_5598\" data-quantity=\"1\" class=\"button product_type_simple\" data-product_id=\"5598\" data-product_sku=\"\" aria-label=\"Lee m\u00e1s sobre &ldquo;Adocesped&rdquo;\" rel=\"nofollow\" data-success_message=\"\"><i class=\"tb-icon tb-icon-cart-plus\"><\/i><span class=\"title-cart\">Leer m\u00e1s<\/span><\/a>\t<span id=\"woocommerce_loop_add_to_cart_link_describedby_5598\" class=\"screen-reader-text\">\r\n\t\t\t<\/span>\r\n<\/div><div class=\"button-wishlist \" title=\"Wishlist\">\n<div\n\tclass=\"yith-wcwl-add-to-wishlist add-to-wishlist-5598 yith-wcwl-add-to-wishlist--link-style wishlist-fragment on-first-load\"\n\tdata-fragment-ref=\"5598\"\n\tdata-fragment-options=\"{&quot;base_url&quot;:&quot;&quot;,&quot;product_id&quot;:5598,&quot;parent_product_id&quot;:0,&quot;product_type&quot;:&quot;simple&quot;,&quot;is_single&quot;:false,&quot;in_default_wishlist&quot;:false,&quot;show_view&quot;:false,&quot;browse_wishlist_text&quot;:&quot;Echar un vistazo a la lista de deseos&quot;,&quot;already_in_wishslist_text&quot;:&quot;\\u00a1El producto ya est\\u00e1 en tu lista de deseos!&quot;,&quot;product_added_text&quot;:&quot;\\u00a1Producto a\\u00f1adido!&quot;,&quot;available_multi_wishlist&quot;:false,&quot;disable_wishlist&quot;:false,&quot;show_count&quot;:false,&quot;ajax_loading&quot;:false,&quot;loop_position&quot;:&quot;after_add_to_cart&quot;,&quot;item&quot;:&quot;add_to_wishlist&quot;}\"\n>\n\t\t\t\n\t\t\t<!-- ADD TO WISHLIST -->\n\t\t\t\n<div class=\"yith-wcwl-add-button\">\n\t\t<a\n\t\thref=\"?add_to_wishlist=5598&#038;_wpnonce=7c28b7f8da\"\n\t\tclass=\"add_to_wishlist single_add_to_wishlist\"\n\t\tdata-product-id=\"5598\"\n\t\tdata-product-type=\"simple\"\n\t\tdata-original-product-id=\"0\"\n\t\tdata-title=\"A\u00f1adir a la lista de deseos\"\n\t\trel=\"nofollow\"\n\t>\n\t\t<svg id=\"yith-wcwl-icon-heart-outline\" class=\"yith-wcwl-icon-svg\" fill=\"none\" stroke-width=\"1.5\" stroke=\"currentColor\" viewBox=\"0 0 24 24\" xmlns=\"http:\/\/www.w3.org\/2000\/svg\">\n  <path stroke-linecap=\"round\" stroke-linejoin=\"round\" d=\"M21 8.25c0-2.485-2.099-4.5-4.688-4.5-1.935 0-3.597 1.126-4.312 2.733-.715-1.607-2.377-2.733-4.313-2.733C5.1 3.75 3 5.765 3 8.25c0 7.22 9 12 9 12s9-4.78 9-12Z\"><\/path>\n<\/svg>\t\t<span>A\u00f1adir a la lista de deseos<\/span>\n\t<\/a>\n<\/div>\n\n\t\t\t<!-- COUNT TEXT -->\n\t\t\t\n\t\t\t<\/div>\n<\/div>            <div class=\"tbay-quick-view\">\r\n                <a href=\"#\" class=\"qview-button\" title =\"Quick View\" data-effect=\"mfp-move-from-top\" data-product_id=\"5598\" data-toggle=\"modal\" data-target=\"#tbay-quickview-modal\">\r\n                    <i class=\"tb-icon tb-icon-eye\"><\/i>\r\n                    <span>Quick View<\/span>\r\n                <\/a>\r\n            <\/div>\r\n            \t\t    <\/div>\r\n\t\t<\/div>\r\n\t\t\t\t\r\n\t\t\t\t\t\r\n\t\t<div class=\"caption\">\r\n\t\t\t\t\t\t\t\t\t\r\n\t\t\t        \r\n        <h3 class=\"name \"><a href=\"https:\/\/hormibal.cl\/sitio\/product\/adocesped\/\">Adocesped<\/a><\/h3>\r\n        \t\t\t\r\n<div class=\"rating no-rate\">\r\n\t\t<div class=\"star-rating\">\r\n\t<\/div>\r\n\t<div class=\"count\">0<\/div>\r\n\t<\/div>\t\t\t\r\n\t\t\t \r\n\t\t\t\t\t<\/div>\r\n\t\t\t\t\t\t    <\/div>\r\n    \r\n\t\r\n\t \r\n<\/div>\r\n\t\t\t<\/div>\r\n        <\/div>\r\n\r\n     \r\n<\/div>\r\n\r\n                <a href=\"https:\/\/hormibal.cl\/sitio\/shop\/\" class=\"show-all\">Ver cat\u00e1logo completo                <i aria-hidden=\"true\" class=\"tb-icon tb-icon-arrow-right\"><\/i>                \r\n            <\/a>\r\n            <\/div>\t\t\t\t<\/div>\n\t\t\t\t<\/div>\n\t\t\t\t\t<\/div>\n\t\t<\/div>\n\t\t\t\t\t<\/div>\n\t\t<\/section>\n\t\t\t\t<\/div>\n\t\t","protected":false},"excerpt":{"rendered":"<p>Paisajismo El&nbsp;paisajismo es la actividad destinada a modificar las caracter\u00edsticas visibles, f\u00edsicas y an\u00edmicas de un espacio, tanto&nbsp;rural&nbsp;como&nbsp;urbano, entre las que se incluyen: los elementos vivos, tales como&nbsp;flora&nbsp;y&nbsp;fauna, los elementos naturales como las formas del terreno, las elevaciones o los cauces de agua y los elementos humanos, como estructuras, edificios u otros objetos materiales creados &hellip; <a href=\"https:\/\/hormibal.cl\/sitio\/product\/adocesped\/\" class=\"more-link\">Continue reading <span class=\"screen-reader-text\">Adocesped<\/span><\/a><\/p>\n","protected":false},"author":1,"featured_media":0,"parent":0,"menu_order":0,"comment_status":"closed","ping_status":"closed","template":"","meta":{"nf_dc_page":"","footnotes":""},"class_list":["post-5644","page","type-page","status-publish","hentry"],"_links":{"self":[{"href":"https:\/\/hormibal.cl\/sitio\/wp-json\/wp\/v2\/pages\/5644","targetHints":{"allow":["GET"]}}],"collection":[{"href":"https:\/\/hormibal.cl\/sitio\/wp-json\/wp\/v2\/pages"}],"about":[{"href":"https:\/\/hormibal.cl\/sitio\/wp-json\/wp\/v2\/types\/page"}],"author":[{"embeddable":true,"href":"https:\/\/hormibal.cl\/sitio\/wp-json\/wp\/v2\/users\/1"}],"replies":[{"embeddable":true,"href":"https:\/\/hormibal.cl\/sitio\/wp-json\/wp\/v2\/comments?post=5644"}],"version-history":[{"count":5,"href":"https:\/\/hormibal.cl\/sitio\/wp-json\/wp\/v2\/pages\/5644\/revisions"}],"predecessor-version":[{"id":5739,"href":"https:\/\/hormibal.cl\/sitio\/wp-json\/wp\/v2\/pages\/5644\/revisions\/5739"}],"wp:attachment":[{"href":"https:\/\/hormibal.cl\/sitio\/wp-json\/wp\/v2\/media?parent=5644"}],"curies":[{"name":"wp","href":"https:\/\/api.w.org\/{rel}","templated":true}]}}